{"id":2718,"date":"2024-09-03T00:23:09","date_gmt":"2024-09-03T00:23:09","guid":{"rendered":"https:\/\/immigration-navigator.com\/?page_id=2718"},"modified":"2024-09-05T00:17:44","modified_gmt":"2024-09-05T00:17:44","slug":"work-permits","status":"publish","type":"page","link":"https:\/\/immigration-navigator.com\/tr\/work-permits\/","title":{"rendered":"\u00c7al\u0131\u015fma \u0130zinleri"},"content":{"rendered":"<h3 class=\"wp-block-heading has-medium-font-size\">Kanada\u2019da Kariyer Kap\u0131lar\u0131n\u0131 A\u00e7\u0131n<\/h3>\n\n\n\n<p class=\"translation-block\">Kanada, \u00e7al\u0131\u015fanlar i\u00e7in \u00e7ok say\u0131da kariyer f\u0131rsat\u0131 sunar ve bir \u00e7al\u0131\u015fma izni almak, bu f\u0131rsatlardan yararlanma yolunda ataca\u011f\u0131n\u0131z ilk ad\u0131md\u0131r. Immigration Navigator, bir \u00e7al\u0131\u015fma izni alman\u0131za yard\u0131mc\u0131 olmak, ba\u015fvuru s\u00fcrecinde size rehberlik etmek ve gerekli t\u00fcm gereklilikleri kar\u015f\u0131laman\u0131z\u0131 sa\u011flamak i\u00e7in burada. Amac\u0131m\u0131z, s\u00fcreci basit hale getirmek ve b\u00f6ylece Kanada'daki kariyerinizi ilerletmeye odaklanabilmenizi sa\u011flamakt\u0131r.<\/p>\n\n\n\n<h3 class=\"wp-block-heading has-medium-font-size\">\u00c7al\u0131\u015fma \u0130zni Ba\u015fvurular\u0131 \u0130\u00e7in Uzman Rehberli\u011fi<\/h3>\n\n\n\n<p class=\"translation-block\">Kanada'da \u00e7al\u0131\u015fma izni ba\u015fvurusunda bulunmak, durumunuza ba\u011fl\u0131 olarak farkl\u0131 izin t\u00fcrleri gerektiren karma\u015f\u0131k bir s\u00fcre\u00e7 olabilir. <a href=\"https:\/\/www.canada.ca\/en\/immigration-refugees-citizenship\/services\/work-canada\/permit\/business-people.html\" data-type=\"link\" data-id=\"https:\/\/www.canada.ca\/en\/immigration-refugees-citizenship\/services\/work-canada\/permit\/business-people.html\" target=\"_self\">\u0130\u015fverene \u00f6zel \u00e7al\u0131\u015fma izni<\/a> veya <a href=\"https:\/\/ircc.canada.ca\/english\/helpcentre\/answer.asp?qnum=176&amp;top=17\" data-type=\"link\" data-id=\"https:\/\/ircc.canada.ca\/english\/helpcentre\/answer.asp?qnum=176&amp;top=17\" target=\"_self\">a\u00e7\u0131k \u00e7al\u0131\u015fma izni<\/a> ba\u015fvurusunda bulunuyor olun, ihtiya\u00e7lar\u0131n\u0131za g\u00f6re uyarlanm\u0131\u015f uzman rehberli\u011fi sa\u011fl\u0131yoruz. \u00c7e\u015fitli gereksinimleri kar\u015f\u0131laman\u0131za, gerekli belgeleri toplaman\u0131za ve onay alma \u015fans\u0131n\u0131z\u0131 art\u0131rmak i\u00e7in eksiksiz ve do\u011fru bir ba\u015fvuru yapman\u0131za yard\u0131mc\u0131 olaca\u011f\u0131z.<\/p>\n\n\n\n<h3 class=\"wp-block-heading has-medium-font-size\">Ba\u015fvuru S\u00fcrecini Kolayla\u015ft\u0131r\u0131yoruz<\/h3>\n\n\n\n<p>Immigration Navigator'da, kariyeriniz s\u00f6z konusu oldu\u011funda zaman\u0131n \u00e7ok \u00f6nemli oldu\u011funu anl\u0131yoruz. Bu nedenle, \u00e7al\u0131\u015fma izni ba\u015fvuru s\u00fcrecini verimli bir \u015fekilde d\u00fczene koymak i\u00e7in \u00e7al\u0131\u015f\u0131yoruz ve yayg\u0131n tuzaklardan ve gecikmelerden ka\u00e7\u0131nman\u0131za yard\u0131mc\u0131 oluyoruz. Uygunluk kriterlerini anlamaktan ba\u015fvurunuzu haz\u0131rlamaya kadar, s\u00fcrecin her ad\u0131m\u0131nda yan\u0131n\u0131zday\u0131z ve sorunsuz ve zaman\u0131nda bir s\u00fcre\u00e7 sa\u011fl\u0131yoruz.<\/p>\n\n\n\n<h3 class=\"wp-block-heading has-medium-font-size\">Kanada Kariyerinize G\u00fcvenle Ba\u015flay\u0131n<\/h3>\n\n\n\n<p>Immigration Navigator yan\u0131n\u0131zdayken, \u00e7al\u0131\u015fma izni ba\u015fvurunuza g\u00fcvenle yakla\u015fabilirsiniz. Kanada'da yeni kariyer f\u0131rsatlar\u0131n\u0131n kilidini a\u00e7man\u0131za yard\u0131mc\u0131 olmaya, ba\u015far\u0131l\u0131 olmak i\u00e7in ihtiya\u00e7 duydu\u011funuz deste\u011fi ve uzmanl\u0131\u011f\u0131 sa\u011flamaya kararl\u0131y\u0131z. Ayr\u0131nt\u0131larla biz ilgilenelim, b\u00f6ylece siz Kanada'daki profesyonel yolculu\u011funuzdan en iyi \u015fekilde yararlanmaya odaklanabilirsiniz.<\/p>","protected":false},"excerpt":{"rendered":"<p>Unlock Career Opportunities in Canada Canada offers a wealth of career opportunities for skilled workers, and obtaining a work permit is your first step toward taking advantage of these opportunities. Immigration Navigator is here to help you secure a work permit, guiding you through the application process and ensuring that you meet all the necessary [&hellip;]<\/p>","protected":false},"author":1,"featured_media":0,"parent":0,"menu_order":0,"comment_status":"closed","ping_status":"closed","template":"","meta":{"_uag_custom_page_level_css":"","site-sidebar-layout":"default","site-content-layout":"","ast-site-content-layout":"default","site-content-style":"default","site-sidebar-style":"default","ast-global-header-display":"","ast-banner-title-visibility":"","ast-main-header-display":"","ast-hfb-above-header-display":"","ast-hfb-below-header-display":"","ast-hfb-mobile-header-display":"","site-post-title":"","ast-breadcrumbs-content":"","ast-featured-img":"","footer-sml-layout":"","theme-transparent-header-meta":"","adv-header-id-meta":"","stick-header-meta":"","header-above-stick-meta":"","header-main-stick-meta":"","header-below-stick-meta":"","astra-migrate-meta-layouts":"set","ast-page-background-enabled":"default","ast-page-background-meta":{"desktop":{"background-color":"var(--ast-global-color-4)","background-image":"","background-repeat":"repeat","background-position":"center center","background-size":"auto","background-attachment":"scroll","background-type":"","background-media":"","overlay-type":"","overlay-color":"","overlay-opacity":"","overlay-gradient":""},"tablet":{"background-color":"","background-image":"","background-repeat":"repeat","background-position":"center center","background-size":"auto","background-attachment":"scroll","background-type":"","background-media":"","overlay-type":"","overlay-color":"","overlay-opacity":"","overlay-gradient":""},"mobile":{"background-color":"","background-image":"","background-repeat":"repeat","background-position":"center center","background-size":"auto","background-attachment":"scroll","background-type":"","background-media":"","overlay-type":"","overlay-color":"","overlay-opacity":"","overlay-gradient":""}},"ast-content-background-meta":{"desktop":{"background-color":"var(--ast-global-color-5)","background-image":"","background-repeat":"repeat","background-position":"center center","background-size":"auto","background-attachment":"scroll","background-type":"","background-media":"","overlay-type":"","overlay-color":"","overlay-opacity":"","overlay-gradient":""},"tablet":{"background-color":"var(--ast-global-color-5)","background-image":"","background-repeat":"repeat","background-position":"center center","background-size":"auto","background-attachment":"scroll","background-type":"","background-media":"","overlay-type":"","overlay-color":"","overlay-opacity":"","overlay-gradient":""},"mobile":{"background-color":"var(--ast-global-color-5)","background-image":"","background-repeat":"repeat","background-position":"center center","background-size":"auto","background-attachment":"scroll","background-type":"","background-media":"","overlay-type":"","overlay-color":"","overlay-opacity":"","overlay-gradient":""}},"footnotes":""},"class_list":["post-2718","page","type-page","status-publish","hentry"],"yoast_head":"<!-- This site is optimized with the Yoast SEO plugin v23.4 - https:\/\/yoast.com\/wordpress\/plugins\/seo\/ -->\n<title>Work Permits - Immigration Navigator<\/title>\n<meta name=\"robots\" content=\"index, follow, max-snippet:-1, max-image-preview:large, max-video-preview:-1\" \/>\n<link rel=\"canonical\" href=\"https:\/\/immigration-navigator.com\/tr\/work-permits\/\" \/>\n<meta property=\"og:locale\" content=\"tr_TR\" \/>\n<meta property=\"og:type\" content=\"article\" \/>\n<meta property=\"og:title\" content=\"Work Permits - Immigration Navigator\" \/>\n<meta property=\"og:description\" content=\"Unlock Career Opportunities in Canada Canada offers a wealth of career opportunities for skilled workers, and obtaining a work permit is your first step toward taking advantage of these opportunities. Immigration Navigator is here to help you secure a work permit, guiding you through the application process and ensuring that you meet all the necessary [&hellip;]\" \/>\n<meta property=\"og:url\" content=\"https:\/\/immigration-navigator.com\/tr\/work-permits\/\" \/>\n<meta property=\"og:site_name\" content=\"Immigration Navigator\" \/>\n<meta property=\"article:modified_time\" content=\"2024-09-05T00:17:44+00:00\" \/>\n<meta name=\"twitter:card\" content=\"summary_large_image\" \/>\n<meta name=\"twitter:label1\" content=\"Tahmini okuma s\u00fcresi\" \/>\n\t<meta name=\"twitter:data1\" content=\"1 dakika\" \/>\n<script type=\"application\/ld+json\" class=\"yoast-schema-graph\">{\"@context\":\"https:\/\/schema.org\",\"@graph\":[{\"@type\":\"WebPage\",\"@id\":\"https:\/\/immigration-navigator.com\/work-permits\/\",\"url\":\"https:\/\/immigration-navigator.com\/work-permits\/\",\"name\":\"Work Permits - Immigration Navigator\",\"isPartOf\":{\"@id\":\"https:\/\/immigration-navigator.com\/#website\"},\"datePublished\":\"2024-09-03T00:23:09+00:00\",\"dateModified\":\"2024-09-05T00:17:44+00:00\",\"breadcrumb\":{\"@id\":\"https:\/\/immigration-navigator.com\/work-permits\/#breadcrumb\"},\"inLanguage\":\"tr\",\"potentialAction\":[{\"@type\":\"ReadAction\",\"target\":[\"https:\/\/immigration-navigator.com\/work-permits\/\"]}]},{\"@type\":\"BreadcrumbList\",\"@id\":\"https:\/\/immigration-navigator.com\/work-permits\/#breadcrumb\",\"itemListElement\":[{\"@type\":\"ListItem\",\"position\":1,\"name\":\"Home\",\"item\":\"https:\/\/immigration-navigator.com\/\"},{\"@type\":\"ListItem\",\"position\":2,\"name\":\"Work Permits\"}]},{\"@type\":\"WebSite\",\"@id\":\"https:\/\/immigration-navigator.com\/#website\",\"url\":\"https:\/\/immigration-navigator.com\/\",\"name\":\"Immigration Navigator\",\"description\":\"\",\"publisher\":{\"@id\":\"https:\/\/immigration-navigator.com\/#organization\"},\"potentialAction\":[{\"@type\":\"SearchAction\",\"target\":{\"@type\":\"EntryPoint\",\"urlTemplate\":\"https:\/\/immigration-navigator.com\/?s={search_term_string}\"},\"query-input\":{\"@type\":\"PropertyValueSpecification\",\"valueRequired\":true,\"valueName\":\"search_term_string\"}}],\"inLanguage\":\"tr\"},{\"@type\":\"Organization\",\"@id\":\"https:\/\/immigration-navigator.com\/#organization\",\"name\":\"Immigration Navigator\",\"url\":\"https:\/\/immigration-navigator.com\/\",\"logo\":{\"@type\":\"ImageObject\",\"inLanguage\":\"tr\",\"@id\":\"https:\/\/immigration-navigator.com\/#\/schema\/logo\/image\/\",\"url\":\"https:\/\/immigration-navigator.com\/wp-content\/uploads\/2024\/08\/immigration-navigator-main-logo-min-1-1.png\",\"contentUrl\":\"https:\/\/immigration-navigator.com\/wp-content\/uploads\/2024\/08\/immigration-navigator-main-logo-min-1-1.png\",\"width\":1387,\"height\":573,\"caption\":\"Immigration Navigator\"},\"image\":{\"@id\":\"https:\/\/immigration-navigator.com\/#\/schema\/logo\/image\/\"}}]}<\/script>\n<!-- \/ Yoast SEO plugin. -->","yoast_head_json":{"title":"Work Permits - Immigration Navigator","robots":{"index":"index","follow":"follow","max-snippet":"max-snippet:-1","max-image-preview":"max-image-preview:large","max-video-preview":"max-video-preview:-1"},"canonical":"https:\/\/immigration-navigator.com\/tr\/work-permits\/","og_locale":"tr_TR","og_type":"article","og_title":"Work Permits - Immigration Navigator","og_description":"Unlock Career Opportunities in Canada Canada offers a wealth of career opportunities for skilled workers, and obtaining a work permit is your first step toward taking advantage of these opportunities. Immigration Navigator is here to help you secure a work permit, guiding you through the application process and ensuring that you meet all the necessary [&hellip;]","og_url":"https:\/\/immigration-navigator.com\/tr\/work-permits\/","og_site_name":"Immigration Navigator","article_modified_time":"2024-09-05T00:17:44+00:00","twitter_card":"summary_large_image","twitter_misc":{"Tahmini okuma s\u00fcresi":"1 dakika"},"schema":{"@context":"https:\/\/schema.org","@graph":[{"@type":"WebPage","@id":"https:\/\/immigration-navigator.com\/work-permits\/","url":"https:\/\/immigration-navigator.com\/work-permits\/","name":"Work Permits - Immigration Navigator","isPartOf":{"@id":"https:\/\/immigration-navigator.com\/#website"},"datePublished":"2024-09-03T00:23:09+00:00","dateModified":"2024-09-05T00:17:44+00:00","breadcrumb":{"@id":"https:\/\/immigration-navigator.com\/work-permits\/#breadcrumb"},"inLanguage":"tr","potentialAction":[{"@type":"ReadAction","target":["https:\/\/immigration-navigator.com\/work-permits\/"]}]},{"@type":"BreadcrumbList","@id":"https:\/\/immigration-navigator.com\/work-permits\/#breadcrumb","itemListElement":[{"@type":"ListItem","position":1,"name":"Home","item":"https:\/\/immigration-navigator.com\/"},{"@type":"ListItem","position":2,"name":"Work Permits"}]},{"@type":"WebSite","@id":"https:\/\/immigration-navigator.com\/#website","url":"https:\/\/immigration-navigator.com\/","name":"Immigration Navigator","description":"","publisher":{"@id":"https:\/\/immigration-navigator.com\/#organization"},"potentialAction":[{"@type":"SearchAction","target":{"@type":"EntryPoint","urlTemplate":"https:\/\/immigration-navigator.com\/?s={search_term_string}"},"query-input":{"@type":"PropertyValueSpecification","valueRequired":true,"valueName":"search_term_string"}}],"inLanguage":"tr"},{"@type":"Organization","@id":"https:\/\/immigration-navigator.com\/#organization","name":"Immigration Navigator","url":"https:\/\/immigration-navigator.com\/","logo":{"@type":"ImageObject","inLanguage":"tr","@id":"https:\/\/immigration-navigator.com\/#\/schema\/logo\/image\/","url":"https:\/\/immigration-navigator.com\/wp-content\/uploads\/2024\/08\/immigration-navigator-main-logo-min-1-1.png","contentUrl":"https:\/\/immigration-navigator.com\/wp-content\/uploads\/2024\/08\/immigration-navigator-main-logo-min-1-1.png","width":1387,"height":573,"caption":"Immigration Navigator"},"image":{"@id":"https:\/\/immigration-navigator.com\/#\/schema\/logo\/image\/"}}]}},"uagb_featured_image_src":{"full":false,"thumbnail":false,"medium":false,"medium_large":false,"large":false,"1536x1536":false,"2048x2048":false,"trp-custom-language-flag":false},"uagb_author_info":{"display_name":"keremduran.fw@gmail.com","author_link":"https:\/\/immigration-navigator.com\/tr\/author\/keremduran-fwgmail-com\/"},"uagb_comment_info":0,"uagb_excerpt":"Unlock Career Opportunities in Canada Canada offers a wealth of career opportunities for skilled workers, and obtaining a work permit is your first step toward taking advantage of these opportunities. Immigration Navigator is here to help you secure a work permit, guiding you through the application process and ensuring that you meet all the necessary&hellip;","_links":{"self":[{"href":"https:\/\/immigration-navigator.com\/tr\/wp-json\/wp\/v2\/pages\/2718"}],"collection":[{"href":"https:\/\/immigration-navigator.com\/tr\/wp-json\/wp\/v2\/pages"}],"about":[{"href":"https:\/\/immigration-navigator.com\/tr\/wp-json\/wp\/v2\/types\/page"}],"author":[{"embeddable":true,"href":"https:\/\/immigration-navigator.com\/tr\/wp-json\/wp\/v2\/users\/1"}],"replies":[{"embeddable":true,"href":"https:\/\/immigration-navigator.com\/tr\/wp-json\/wp\/v2\/comments?post=2718"}],"version-history":[{"count":3,"href":"https:\/\/immigration-navigator.com\/tr\/wp-json\/wp\/v2\/pages\/2718\/revisions"}],"predecessor-version":[{"id":2852,"href":"https:\/\/immigration-navigator.com\/tr\/wp-json\/wp\/v2\/pages\/2718\/revisions\/2852"}],"wp:attachment":[{"href":"https:\/\/immigration-navigator.com\/tr\/wp-json\/wp\/v2\/media?parent=2718"}],"curies":[{"name":"wp","href":"https:\/\/api.w.org\/{rel}","templated":true}]}}