{"id":2714,"date":"2024-09-03T00:22:11","date_gmt":"2024-09-03T00:22:11","guid":{"rendered":"https:\/\/immigration-navigator.com\/?page_id=2714"},"modified":"2024-09-05T02:27:03","modified_gmt":"2024-09-05T02:27:03","slug":"canadian-citizenship","status":"publish","type":"page","link":"https:\/\/immigration-navigator.com\/tr\/canadian-citizenship\/","title":{"rendered":"Kanada Vatanda\u015fl\u0131\u011f\u0131"},"content":{"rendered":"<h3 class=\"wp-block-heading has-medium-font-size\">Kanada Vatanda\u015fl\u0131\u011f\u0131na Giden Yolunuz<\/h3>\n\n\n\n<p class=\"translation-block\">Kanada vatanda\u015f\u0131 olmak \u00f6nemli bir d\u00f6n\u00fcm noktas\u0131d\u0131r ve G\u00f6\u00e7menlik Rehberi, s\u00fcrecin m\u00fcmk\u00fcn oldu\u011funca sorunsuz ve verimli olmas\u0131n\u0131 sa\u011flamak i\u00e7in burada. G\u00f6\u00e7 yolculu\u011funuzdaki bu ad\u0131m\u0131n \u00f6nemini anl\u0131yoruz ve <a href=\"https:\/\/www.canada.ca\/en\/immigration-refugees-citizenship\/services\/canadian-citizenship hedefinize ula\u015fman\u0131za yard\u0131mc\u0131 olmaya kararl\u0131y\u0131z. html\" data-type=\"link\" data-id=\"https:\/\/www.canada.ca\/en\/immigration-refugees-citizenship\/services\/canadian-citizenship.html\" target=\"_blank\" rel=\"noreferrer\">Kanada vatanda\u015f\u0131 olmaniz icin<\/a> deneyimli ekibimiz ba\u015fvurunun her a\u015famas\u0131nda size rehberlik edecek, gerekli t\u00fcm belgelerin d\u00fczenli oldu\u011fundan ve uygunluk \u015fartlar\u0131n\u0131 yerine getirdi\u011finizden emin olacakt\u0131r.<\/p>\n\n\n\n<h3 class=\"wp-block-heading has-medium-font-size\">Yolun Her Ad\u0131m\u0131nda Kapsaml\u0131 Destek<\/h3>\n\n\n\n<p class=\"translation-block\">Kanada vatanda\u015fl\u0131\u011f\u0131na ba\u015fvurmak, vatanda\u015fl\u0131k s\u0131nav\u0131n\u0131 ge\u00e7mek ve ikamet \u015fartlar\u0131n\u0131 yerine getirmek de dahil olmak \u00fczere \u00e7e\u015fitli ad\u0131mlar\u0131 i\u00e7erir. G\u00f6\u00e7menlik Gezgini'nde, bu gereksinimleri kar\u015f\u0131laman\u0131za yard\u0131mc\u0131 olmak i\u00e7in kapsaml\u0131 destek sa\u011fl\u0131yoruz. Belgelerinizi toplay\u0131p d\u00fczenlemenize, vatanda\u015fl\u0131k s\u0131nav\u0131na haz\u0131rlanman\u0131za ve ba\u015fvurunuzun eksiksiz ve do\u011fru oldu\u011fundan emin olman\u0131za yard\u0131mc\u0131 olaca\u011f\u0131z. Amac\u0131m\u0131z s\u00fcre\u00e7 boyunca hissedebilece\u011finiz stresi veya kafa kar\u0131\u015f\u0131kl\u0131\u011f\u0131n\u0131 azaltmakt\u0131r.<\/p>\n\n\n\n<h3 class=\"wp-block-heading has-medium-font-size\">Ba\u015far\u0131l\u0131 Bir Ba\u015fvuru \u0130\u00e7in Ki\u015fiselle\u015ftirilmi\u015f Rehberlik<\/h3>\n\n\n\n<p class=\"translation-block\">Her vatanda\u015fl\u0131k ba\u015fvurusu benzersizdir ve bireysel ko\u015fullar\u0131n\u0131z\u0131 anlamaya zaman ay\u0131r\u0131r\u0131z. \u0130ster karma\u015f\u0131k vakalarla ilgili yard\u0131ma ihtiyac\u0131n\u0131z olsun, ister yaln\u0131zca ba\u015fvurunuzun do\u011fru \u015fekilde g\u00f6nderildi\u011finden emin olmak isteyin, ki\u015fiselle\u015ftirilmi\u015f rehberlik sa\u011flamak i\u00e7in buraday\u0131z. Ekibimiz en son g\u00f6\u00e7menlik politikalar\u0131 ve prosed\u00fcrlerinden haberdar oldu\u011fundan do\u011fru ve zaman\u0131nda tavsiye alaca\u011f\u0131n\u0131zdan emin olabilirsiniz.<\/p>\n\n\n\n<h3 class=\"wp-block-heading has-medium-font-size\">Kanada Vatanda\u015fl\u0131\u011f\u0131 Hayalinizi Ger\u00e7ekle\u015ftirin<\/h3>\n\n\n\n<p>Immigration Navigator olarak kendimizi Kanada vatanda\u015f\u0131 olma hayalinizi ger\u00e7ekle\u015ftirmenize yard\u0131mc\u0131 olmaya adad\u0131k. Uzman rehberli\u011fimiz ve deste\u011fimizle vatanda\u015fl\u0131k ba\u015fvuru s\u00fcrecine g\u00fcvenle yakla\u015fabilirsiniz. Bir Kanada vatanda\u015f\u0131 olarak hayat\u0131n\u0131zdaki heyecan verici yeni b\u00f6l\u00fcme haz\u0131rlanmaya odaklanabilmeniz i\u00e7in ayr\u0131nt\u0131larla biz ilgilenelim.<\/p>","protected":false},"excerpt":{"rendered":"<p>Your Path to Canadian Citizenship Becoming a Canadian citizen is a significant milestone, and Immigration Navigator is here to make sure the process is as smooth and efficient as possible. We understand the importance of this step in your immigration journey and are committed to helping you achieve your goal of becoming a Canadian citizen. [&hellip;]<\/p>","protected":false},"author":1,"featured_media":0,"parent":0,"menu_order":0,"comment_status":"closed","ping_status":"closed","template":"","meta":{"_uag_custom_page_level_css":"","site-sidebar-layout":"default","site-content-layout":"","ast-site-content-layout":"default","site-content-style":"default","site-sidebar-style":"default","ast-global-header-display":"","ast-banner-title-visibility":"","ast-main-header-display":"","ast-hfb-above-header-display":"","ast-hfb-below-header-display":"","ast-hfb-mobile-header-display":"","site-post-title":"","ast-breadcrumbs-content":"","ast-featured-img":"","footer-sml-layout":"","theme-transparent-header-meta":"","adv-header-id-meta":"","stick-header-meta":"","header-above-stick-meta":"","header-main-stick-meta":"","header-below-stick-meta":"","astra-migrate-meta-layouts":"set","ast-page-background-enabled":"default","ast-page-background-meta":{"desktop":{"background-color":"var(--ast-global-color-4)","background-image":"","background-repeat":"repeat","background-position":"center center","background-size":"auto","background-attachment":"scroll","background-type":"","background-media":"","overlay-type":"","overlay-color":"","overlay-opacity":"","overlay-gradient":""},"tablet":{"background-color":"","background-image":"","background-repeat":"repeat","background-position":"center center","background-size":"auto","background-attachment":"scroll","background-type":"","background-media":"","overlay-type":"","overlay-color":"","overlay-opacity":"","overlay-gradient":""},"mobile":{"background-color":"","background-image":"","background-repeat":"repeat","background-position":"center center","background-size":"auto","background-attachment":"scroll","background-type":"","background-media":"","overlay-type":"","overlay-color":"","overlay-opacity":"","overlay-gradient":""}},"ast-content-background-meta":{"desktop":{"background-color":"var(--ast-global-color-5)","background-image":"","background-repeat":"repeat","background-position":"center center","background-size":"auto","background-attachment":"scroll","background-type":"","background-media":"","overlay-type":"","overlay-color":"","overlay-opacity":"","overlay-gradient":""},"tablet":{"background-color":"var(--ast-global-color-5)","background-image":"","background-repeat":"repeat","background-position":"center center","background-size":"auto","background-attachment":"scroll","background-type":"","background-media":"","overlay-type":"","overlay-color":"","overlay-opacity":"","overlay-gradient":""},"mobile":{"background-color":"var(--ast-global-color-5)","background-image":"","background-repeat":"repeat","background-position":"center center","background-size":"auto","background-attachment":"scroll","background-type":"","background-media":"","overlay-type":"","overlay-color":"","overlay-opacity":"","overlay-gradient":""}},"footnotes":""},"class_list":["post-2714","page","type-page","status-publish","hentry"],"yoast_head":"<!-- This site is optimized with the Yoast SEO plugin v23.4 - https:\/\/yoast.com\/wordpress\/plugins\/seo\/ -->\n<title>Canadian Citizenship - Immigration Navigator<\/title>\n<meta name=\"robots\" content=\"index, follow, max-snippet:-1, max-image-preview:large, max-video-preview:-1\" \/>\n<link rel=\"canonical\" href=\"https:\/\/immigration-navigator.com\/tr\/canadian-citizenship\/\" \/>\n<meta property=\"og:locale\" content=\"tr_TR\" \/>\n<meta property=\"og:type\" content=\"article\" \/>\n<meta property=\"og:title\" content=\"Canadian Citizenship - Immigration Navigator\" \/>\n<meta property=\"og:description\" content=\"Your Path to Canadian Citizenship Becoming a Canadian citizen is a significant milestone, and Immigration Navigator is here to make sure the process is as smooth and efficient as possible. We understand the importance of this step in your immigration journey and are committed to helping you achieve your goal of becoming a Canadian citizen. [&hellip;]\" \/>\n<meta property=\"og:url\" content=\"https:\/\/immigration-navigator.com\/tr\/canadian-citizenship\/\" \/>\n<meta property=\"og:site_name\" content=\"Immigration Navigator\" \/>\n<meta property=\"article:modified_time\" content=\"2024-09-05T02:27:03+00:00\" \/>\n<meta name=\"twitter:card\" content=\"summary_large_image\" \/>\n<meta name=\"twitter:label1\" content=\"Tahmini okuma s\u00fcresi\" \/>\n\t<meta name=\"twitter:data1\" content=\"1 dakika\" \/>\n<script type=\"application\/ld+json\" class=\"yoast-schema-graph\">{\"@context\":\"https:\/\/schema.org\",\"@graph\":[{\"@type\":\"WebPage\",\"@id\":\"https:\/\/immigration-navigator.com\/canadian-citizenship\/\",\"url\":\"https:\/\/immigration-navigator.com\/canadian-citizenship\/\",\"name\":\"Canadian Citizenship - Immigration Navigator\",\"isPartOf\":{\"@id\":\"https:\/\/immigration-navigator.com\/#website\"},\"datePublished\":\"2024-09-03T00:22:11+00:00\",\"dateModified\":\"2024-09-05T02:27:03+00:00\",\"breadcrumb\":{\"@id\":\"https:\/\/immigration-navigator.com\/canadian-citizenship\/#breadcrumb\"},\"inLanguage\":\"tr\",\"potentialAction\":[{\"@type\":\"ReadAction\",\"target\":[\"https:\/\/immigration-navigator.com\/canadian-citizenship\/\"]}]},{\"@type\":\"BreadcrumbList\",\"@id\":\"https:\/\/immigration-navigator.com\/canadian-citizenship\/#breadcrumb\",\"itemListElement\":[{\"@type\":\"ListItem\",\"position\":1,\"name\":\"Home\",\"item\":\"https:\/\/immigration-navigator.com\/\"},{\"@type\":\"ListItem\",\"position\":2,\"name\":\"Canadian Citizenship\"}]},{\"@type\":\"WebSite\",\"@id\":\"https:\/\/immigration-navigator.com\/#website\",\"url\":\"https:\/\/immigration-navigator.com\/\",\"name\":\"Immigration Navigator\",\"description\":\"\",\"publisher\":{\"@id\":\"https:\/\/immigration-navigator.com\/#organization\"},\"potentialAction\":[{\"@type\":\"SearchAction\",\"target\":{\"@type\":\"EntryPoint\",\"urlTemplate\":\"https:\/\/immigration-navigator.com\/?s={search_term_string}\"},\"query-input\":{\"@type\":\"PropertyValueSpecification\",\"valueRequired\":true,\"valueName\":\"search_term_string\"}}],\"inLanguage\":\"tr\"},{\"@type\":\"Organization\",\"@id\":\"https:\/\/immigration-navigator.com\/#organization\",\"name\":\"Immigration Navigator\",\"url\":\"https:\/\/immigration-navigator.com\/\",\"logo\":{\"@type\":\"ImageObject\",\"inLanguage\":\"tr\",\"@id\":\"https:\/\/immigration-navigator.com\/#\/schema\/logo\/image\/\",\"url\":\"https:\/\/immigration-navigator.com\/wp-content\/uploads\/2024\/08\/immigration-navigator-main-logo-min-1-1.png\",\"contentUrl\":\"https:\/\/immigration-navigator.com\/wp-content\/uploads\/2024\/08\/immigration-navigator-main-logo-min-1-1.png\",\"width\":1387,\"height\":573,\"caption\":\"Immigration Navigator\"},\"image\":{\"@id\":\"https:\/\/immigration-navigator.com\/#\/schema\/logo\/image\/\"}}]}<\/script>\n<!-- \/ Yoast SEO plugin. -->","yoast_head_json":{"title":"Canadian Citizenship - Immigration Navigator","robots":{"index":"index","follow":"follow","max-snippet":"max-snippet:-1","max-image-preview":"max-image-preview:large","max-video-preview":"max-video-preview:-1"},"canonical":"https:\/\/immigration-navigator.com\/tr\/canadian-citizenship\/","og_locale":"tr_TR","og_type":"article","og_title":"Canadian Citizenship - Immigration Navigator","og_description":"Your Path to Canadian Citizenship Becoming a Canadian citizen is a significant milestone, and Immigration Navigator is here to make sure the process is as smooth and efficient as possible. We understand the importance of this step in your immigration journey and are committed to helping you achieve your goal of becoming a Canadian citizen. [&hellip;]","og_url":"https:\/\/immigration-navigator.com\/tr\/canadian-citizenship\/","og_site_name":"Immigration Navigator","article_modified_time":"2024-09-05T02:27:03+00:00","twitter_card":"summary_large_image","twitter_misc":{"Tahmini okuma s\u00fcresi":"1 dakika"},"schema":{"@context":"https:\/\/schema.org","@graph":[{"@type":"WebPage","@id":"https:\/\/immigration-navigator.com\/canadian-citizenship\/","url":"https:\/\/immigration-navigator.com\/canadian-citizenship\/","name":"Canadian Citizenship - Immigration Navigator","isPartOf":{"@id":"https:\/\/immigration-navigator.com\/#website"},"datePublished":"2024-09-03T00:22:11+00:00","dateModified":"2024-09-05T02:27:03+00:00","breadcrumb":{"@id":"https:\/\/immigration-navigator.com\/canadian-citizenship\/#breadcrumb"},"inLanguage":"tr","potentialAction":[{"@type":"ReadAction","target":["https:\/\/immigration-navigator.com\/canadian-citizenship\/"]}]},{"@type":"BreadcrumbList","@id":"https:\/\/immigration-navigator.com\/canadian-citizenship\/#breadcrumb","itemListElement":[{"@type":"ListItem","position":1,"name":"Home","item":"https:\/\/immigration-navigator.com\/"},{"@type":"ListItem","position":2,"name":"Canadian Citizenship"}]},{"@type":"WebSite","@id":"https:\/\/immigration-navigator.com\/#website","url":"https:\/\/immigration-navigator.com\/","name":"Immigration Navigator","description":"","publisher":{"@id":"https:\/\/immigration-navigator.com\/#organization"},"potentialAction":[{"@type":"SearchAction","target":{"@type":"EntryPoint","urlTemplate":"https:\/\/immigration-navigator.com\/?s={search_term_string}"},"query-input":{"@type":"PropertyValueSpecification","valueRequired":true,"valueName":"search_term_string"}}],"inLanguage":"tr"},{"@type":"Organization","@id":"https:\/\/immigration-navigator.com\/#organization","name":"Immigration Navigator","url":"https:\/\/immigration-navigator.com\/","logo":{"@type":"ImageObject","inLanguage":"tr","@id":"https:\/\/immigration-navigator.com\/#\/schema\/logo\/image\/","url":"https:\/\/immigration-navigator.com\/wp-content\/uploads\/2024\/08\/immigration-navigator-main-logo-min-1-1.png","contentUrl":"https:\/\/immigration-navigator.com\/wp-content\/uploads\/2024\/08\/immigration-navigator-main-logo-min-1-1.png","width":1387,"height":573,"caption":"Immigration Navigator"},"image":{"@id":"https:\/\/immigration-navigator.com\/#\/schema\/logo\/image\/"}}]}},"uagb_featured_image_src":{"full":false,"thumbnail":false,"medium":false,"medium_large":false,"large":false,"1536x1536":false,"2048x2048":false,"trp-custom-language-flag":false},"uagb_author_info":{"display_name":"keremduran.fw@gmail.com","author_link":"https:\/\/immigration-navigator.com\/tr\/author\/keremduran-fwgmail-com\/"},"uagb_comment_info":0,"uagb_excerpt":"Your Path to Canadian Citizenship Becoming a Canadian citizen is a significant milestone, and Immigration Navigator is here to make sure the process is as smooth and efficient as possible. We understand the importance of this step in your immigration journey and are committed to helping you achieve your goal of becoming a Canadian citizen.&hellip;","_links":{"self":[{"href":"https:\/\/immigration-navigator.com\/tr\/wp-json\/wp\/v2\/pages\/2714"}],"collection":[{"href":"https:\/\/immigration-navigator.com\/tr\/wp-json\/wp\/v2\/pages"}],"about":[{"href":"https:\/\/immigration-navigator.com\/tr\/wp-json\/wp\/v2\/types\/page"}],"author":[{"embeddable":true,"href":"https:\/\/immigration-navigator.com\/tr\/wp-json\/wp\/v2\/users\/1"}],"replies":[{"embeddable":true,"href":"https:\/\/immigration-navigator.com\/tr\/wp-json\/wp\/v2\/comments?post=2714"}],"version-history":[{"count":3,"href":"https:\/\/immigration-navigator.com\/tr\/wp-json\/wp\/v2\/pages\/2714\/revisions"}],"predecessor-version":[{"id":2874,"href":"https:\/\/immigration-navigator.com\/tr\/wp-json\/wp\/v2\/pages\/2714\/revisions\/2874"}],"wp:attachment":[{"href":"https:\/\/immigration-navigator.com\/tr\/wp-json\/wp\/v2\/media?parent=2714"}],"curies":[{"name":"wp","href":"https:\/\/api.w.org\/{rel}","templated":true}]}}