{"id":1399,"date":"2024-08-31T19:39:41","date_gmt":"2024-08-31T19:39:41","guid":{"rendered":"https:\/\/immigration-navigator.com\/contact\/"},"modified":"2024-09-14T21:14:57","modified_gmt":"2024-09-14T21:14:57","slug":"contact","status":"publish","type":"page","link":"https:\/\/immigration-navigator.com\/tr\/contact\/","title":{"rendered":"\u0130leti\u015fim"},"content":{"rendered":"<div class=\"wp-block-uagb-container uagb-block-79a8b70d alignfull uagb-is-root-container\"><div class=\"uagb-container-inner-blocks-wrap\">\n<div class=\"wp-block-uagb-info-box uagb-block-800ea0e1 uagb-infobox__content-wrap  uagb-infobox-icon-above-title uagb-infobox-image-valign-top wp-block-uagb-info-box--has-margin\"><div class=\"uagb-infobox-margin-wrapper\"><div class=\"uagb-ifb-content\"><div class=\"uagb-ifb-title-wrap\"><h6 class=\"uagb-ifb-title-prefix\">\u0130leti\u015fim<\/h6><h1 class=\"uagb-ifb-title\">Ba\u015fvurunuzu bug\u00fcn ba\u015flatal\u0131m<\/h1><\/div><p class=\"uagb-ifb-desc\">L\u00fctfen hangi ba\u015fvuruda size yard\u0131mc\u0131 olmam\u0131z\u0131 istedi\u011finize dair talebinizin ayr\u0131nt\u0131lar\u0131yla bizimle ileti\u015fime ge\u00e7in.<\/p><\/div><\/div><\/div>\n\n\n\n<div class=\"wp-block-uagb-container uagb-layout-flex uagb-block-a25f9b60\">\n<div class=\"wp-block-uagb-container uagb-block-6b237a69\">\n<div class=\"wp-block-uagb-info-box uagb-block-418f3685 uagb-infobox__content-wrap  uagb-infobox-icon-above-title uagb-infobox-image-valign-top\"><div class=\"uagb-ifb-content\"><div class=\"uagb-ifb-title-wrap\"><h4 class=\"uagb-ifb-title\">Genel Sorular<\/h4><\/div><p class=\"uagb-ifb-desc\">Formun kapsamad\u0131\u011f\u0131 bir sorunuz veya sorgunuz mu var? L\u00fctfen a\u015fa\u011f\u0131ya e-posta g\u00f6nderin.<\/p><div class=\"uagb-ifb-button-wrapper wp-block-button\"><a href=\"#\" class=\"uagb-infobox-cta-link wp-block-button__link\" target=\"_self\" rel=\"noopener noreferrer\" onclick=\"return false;\"><span class=\"uagb-inline-editing\">info@immigration-navigator.com<\/span><\/a><\/div><\/div><\/div>\n\n\n\n<div class=\"wp-block-uagb-info-box uagb-block-c7e00092 uagb-infobox__content-wrap  uagb-infobox-icon-above-title uagb-infobox-image-valign-top\"><div class=\"uagb-ifb-content\"><div class=\"uagb-ifb-title-wrap\"><div class=\"uagb-ifb-separator\"><\/div><h4 class=\"uagb-ifb-title\">\u0130\u015fle ilgili mi?<\/h4><\/div><p class=\"uagb-ifb-desc\">\u0130\u015f ba\u015fvurusunda bulunmak veya ticari sorular\u0131n\u0131z i\u00e7in l\u00fctfen a\u015fa\u011f\u0131daki ileti\u015fim bilgilerinden bize ula\u015f\u0131n.<\/p><div class=\"uagb-ifb-button-wrapper wp-block-button\"><a href=\"#\" class=\"uagb-infobox-cta-link wp-block-button__link\" target=\"_self\" rel=\"noopener noreferrer\" onclick=\"return false;\"><span class=\"uagb-inline-editing\">business@immigration-navigator.com<\/span><\/a><\/div><\/div><\/div>\n\n\n\n<div class=\"wp-block-uagb-advanced-heading uagb-block-db237c99\"><div class=\"uagb-separator\"><\/div><h6 class=\"uagb-heading-text\">\u0130leti\u015fimde kal\u0131n<\/h6><\/div>\n\n\n\n<div class=\"wp-block-uagb-social-share uagb-social-share__outer-wrap uagb-social-share__layout-horizontal uagb-block-8fc65ae3\">\n<div class=\"wp-block-uagb-social-share-child uagb-ss-repeater uagb-ss__wrapper uagb-block-12c732dc\"><span class=\"uagb-ss__link\" data-href=\"https:\/\/www.facebook.com\/sharer.php?u=\" tabindex=\"0\" role=\"button\" aria-label=\"facebook\"><span class=\"uagb-ss__source-wrap\"><span class=\"uagb-ss__source-icon\"><svg xmlns=\"https:\/\/www.w3.org\/2000\/svg\" viewbox=\"0 0 512 512\"><path d=\"M504 256C504 119 393 8 256 8S8 119 8 256c0 123.8 90.69 226.4 209.3 245V327.7h-63V256h63v-54.64c0-62.15 37-96.48 93.67-96.48 27.14 0 55.52 4.84 55.52 4.84v61h-31.28c-30.8 0-40.41 19.12-40.41 38.73V256h68.78l-11 71.69h-57.78V501C413.3 482.4 504 379.8 504 256z\"><\/path><\/svg><\/span><\/span><\/span><\/div>\n\n\n\n<div class=\"wp-block-uagb-social-share-child uagb-ss-repeater uagb-ss__wrapper uagb-block-366c8975\"><span class=\"uagb-ss__link\" data-href=\"https:\/\/twitter.com\/share?url=\" tabindex=\"0\" role=\"button\" aria-label=\"twitter\"><span class=\"uagb-ss__source-wrap\"><span class=\"uagb-ss__source-icon\"><svg xmlns=\"https:\/\/www.w3.org\/2000\/svg\" viewbox=\"0 0 512 512\"><path d=\"M459.4 151.7c.325 4.548 .325 9.097 .325 13.65 0 138.7-105.6 298.6-298.6 298.6-59.45 0-114.7-17.22-161.1-47.11 8.447 .974 16.57 1.299 25.34 1.299 49.06 0 94.21-16.57 130.3-44.83-46.13-.975-84.79-31.19-98.11-72.77 6.498 .974 12.99 1.624 19.82 1.624 9.421 0 18.84-1.3 27.61-3.573-48.08-9.747-84.14-51.98-84.14-102.1v-1.299c13.97 7.797 30.21 12.67 47.43 13.32-28.26-18.84-46.78-51.01-46.78-87.39 0-19.49 5.197-37.36 14.29-52.95 51.65 63.67 129.3 105.3 216.4 109.8-1.624-7.797-2.599-15.92-2.599-24.04 0-57.83 46.78-104.9 104.9-104.9 30.21 0 57.5 12.67 76.67 33.14 23.72-4.548 46.46-13.32 66.6-25.34-7.798 24.37-24.37 44.83-46.13 57.83 21.12-2.273 41.58-8.122 60.43-16.24-14.29 20.79-32.16 39.31-52.63 54.25z\"><\/path><\/svg><\/span><\/span><\/span><\/div>\n<\/div>\n<\/div>\n\n\n\n<div class=\"wp-block-uagb-container uagb-block-0108423b\">\n<div class=\"wp-block-uagb-forms uagb-forms__outer-wrap uagb-block-a3324047 uagb-forms__medium-btn\"><form class=\"uagb-forms-main-form\" method=\"post\" autocomplete=\"on\" name=\"uagb-form-a3324047\" action=\"\">\n<div class=\"wp-block-uagb-forms-name uagb-forms-name-wrap uagb-forms-field-set uagb-block-3d9318f3\"><div class=\"uagb-forms-name-label required uagb-forms-input-label\" id=\"3d9318f3\">\u0130sim<\/div><input type=\"text\" placeholder=\"\" required class=\"uagb-forms-name-input uagb-forms-input\" name=\"3d9318f3\" autocomplete=\"given-name\"\/><\/div>\n\n\n\n<div class=\"wp-block-uagb-forms-email uagb-forms-email-wrap uagb-forms-field-set uagb-block-2c312d11\"><div class=\"uagb-forms-email-label required uagb-forms-input-label\" id=\"2c312d11\">Email<\/div><input type=\"email\" class=\"uagb-forms-email-input uagb-forms-input\" placeholder=\"\" required name=\"2c312d11\" autocomplete=\"email\"\/><\/div>\n\n\n\n<div class=\"wp-block-uagb-forms-checkbox uagb-forms-checkbox-wrap uagb-forms-field-set uagb-block-1b7147f5\"><div class=\"uagb-forms-checkbox-label  uagb-forms-input-label\" id=\"1b7147f5\">Ba\u015fvuru t\u00fcr\u00fc (bir veya daha fazlas\u0131n\u0131 se\u00e7in)<\/div><input type=\"checkbox\" class=\"uagb-forms-checkbox\" id=\"checkbox-pr-application-1b7147f5\" name=\"I want to apply to (select one or more)[]\" value=\"PR Application\"\/><label for=\"checkbox-pr-application-1b7147f5\">PR Ba\u015fvurusu<\/label><br\/><input type=\"checkbox\" class=\"uagb-forms-checkbox\" id=\"checkbox-pr-renewal-1b7147f5\" name=\"I want to apply to (select one or more)[]\" value=\"PR Renewal\"\/><label for=\"checkbox-pr-renewal-1b7147f5\">PR Kart Yenileme<\/label><br\/><input type=\"checkbox\" class=\"uagb-forms-checkbox\" id=\"checkbox-citizenship-application-1b7147f5\" name=\"I want to apply to (select one or more)[]\" value=\"Citizenship Application\"\/><label for=\"checkbox-citizenship-application-1b7147f5\">Vatanda\u015fl\u0131k Ba\u015fvurusu<\/label><br\/><input type=\"checkbox\" class=\"uagb-forms-checkbox\" id=\"checkbox-work-permit-1b7147f5\" name=\"I want to apply to (select one or more)[]\" value=\"Work Permit\"\/><label for=\"checkbox-work-permit-1b7147f5\">\u00c7al\u0131\u015fma \u0130zni<\/label><br\/><input type=\"checkbox\" class=\"uagb-forms-checkbox\" id=\"checkbox-study-permit-1b7147f5\" name=\"I want to apply to (select one or more)[]\" value=\"Study Permit\"\/><label for=\"checkbox-study-permit-1b7147f5\">\u00d6\u011frenci Vizesi<\/label><br\/><input type=\"checkbox\" class=\"uagb-forms-checkbox\" id=\"checkbox-visitor-visa-1b7147f5\" name=\"I want to apply to (select one or more)[]\" value=\"Visitor Visa\"\/><label for=\"checkbox-visitor-visa-1b7147f5\">Turist Vizesi<\/label><br\/><\/div>\n\n\n\n<div class=\"wp-block-uagb-forms-textarea uagb-forms-textarea-wrap uagb-forms-field-set uagb-block-70ff65a0\"><div class=\"uagb-forms-textarea-label required uagb-forms-input-label\" id=\"70ff65a0\">Sorular\u0131n\u0131z veya Mesajlar\u0131n\u0131z<\/div><textarea required class=\"uagb-forms-textarea-input uagb-forms-input\" rows=\"4\" placeholder=\"\" name=\"70ff65a0\" autocomplete=\"off\"><\/textarea><\/div>\n<div class=\"uagb-forms-form-hidden-data\"><input type=\"hidden\" id=\"g-recaptcha-response\" class=\"uagb-forms-recaptcha\"\/><input type=\"hidden\" class=\"uagb_forms_form_label\" value=\"Spectra Form\"\/><input type=\"hidden\" class=\"uagb_forms_form_id\" value=\"uagb-form-a3324047\"\/><\/div><div class=\"uagb-form-reacaptcha-error-a3324047\"><\/div><div class=\"uagb-forms-main-submit-button-wrap wp-block-button\"><button class=\"uagb-forms-main-submit-button wp-block-button__link\"><div class=\"uagb-forms-main-submit-button-text\">G\u00f6nder<\/div><\/button><\/div><input type=\"hidden\" name=\"trp-form-language\" value=\"tr\"\/><\/form><div class=\"uagb-forms-success-message-a3324047 uagb-forms-submit-message-hide\"><span>The form has been submitted successfully!<\/span><\/div><div class=\"uagb-forms-failed-message-a3324047 uagb-forms-submit-message-hide\"><span>There has been some error while submitting the form. Please verify all form fields again.<\/span><\/div><\/div>\n<\/div>\n<\/div>\n\n\n\n<div class=\"wp-block-uagb-container uagb-layout-grid uagb-block-bcd178a4\">\n<div class=\"wp-block-uagb-info-box uagb-block-d105add0 uagb-infobox__content-wrap  uagb-infobox-icon-above-title uagb-infobox-image-valign-top\"><div class=\"uagb-ifb-content\"><div class=\"uagb-ifb-title-wrap\"><h6 class=\"uagb-ifb-title\">Address<\/h6><\/div><p class=\"uagb-ifb-desc\">Hizmetlerimiz yaln\u0131zca online olarak mevcuttur.<\/p><\/div><\/div>\n\n\n\n<div class=\"wp-block-uagb-advanced-heading uagb-block-8cdac60c\"><h6 class=\"uagb-heading-text\">\u00c7al\u0131\u015fma saatleri<\/h6><p class=\"uagb-desc-text\">Pazartesi-Per\u015fembe: 9:00-4:00<br>Cuma-Cumartesi: 9:00-3:00<br>Pazar: Kapal\u0131<\/p><\/div>\n\n\n\n<div class=\"wp-block-uagb-advanced-heading uagb-block-96a9a3e5\"><h6 class=\"uagb-heading-text\">Telefon<\/h6><p class=\"uagb-desc-text\">+1 647 491 8366<br><\/p><\/div>\n<\/div>\n<\/div><\/div>\n\n\n\n<div class=\"wp-block-uagb-container uagb-block-6cf1f34a alignfull uagb-is-root-container\">\t\t\t<div \n\t\t\tclass=\"wp-block-uagb-google-map uagb-google-map__wrap uagb-block-8adae433\"\n\t\t\tstyle=\"\" >\n\t\t\t\t<embed\n\t\t\t\t\tclass=\"uagb-google-map__iframe\"\n\t\t\t\t\ttitle=\"Google Map for \"\n\t\t\t\t\tsrc=\"https:\/\/maps.google.com\/maps?q=260%20Adelaide%20St%20E%2C%20Toronto%2C%20ON%20M5A%201N0&#038;z=14&#038;hl=en&#038;t=m&#038;output=embed&#038;iwloc=near\"\n\t\t\t\t\twidth=\"640\"\n\t\t\t\t\theight=\"480\"\n\t\t\t\t\tloading=\"lazy\"\n\t\t\t\t><\/embed>\n\t\t\t<\/div>\n\t\t\t<\/div>","protected":false},"excerpt":{"rendered":"<p>Keep in touch Work hours Mon-Thu: 9:00-4:00Fri-Sat: 9:00-3:00Sun: Close Phone +1 647 491 8366<\/p>","protected":false},"author":1,"featured_media":0,"parent":0,"menu_order":0,"comment_status":"closed","ping_status":"closed","template":"","meta":{"_uag_custom_page_level_css":"","site-sidebar-layout":"no-sidebar","site-content-layout":"page-builder","ast-site-content-layout":"full-width-container","site-content-style":"unboxed","site-sidebar-style":"unboxed","ast-global-header-display":"","ast-banner-title-visibility":"","ast-main-header-display":"","ast-hfb-above-header-display":"","ast-hfb-below-header-display":"","ast-hfb-mobile-header-display":"","site-post-title":"disabled","ast-breadcrumbs-content":"","ast-featured-img":"disabled","footer-sml-layout":"","theme-transparent-header-meta":"enabled","adv-header-id-meta":"","stick-header-meta":"","header-above-stick-meta":"","header-main-stick-meta":"","header-below-stick-meta":"","astra-migrate-meta-layouts":"set","ast-page-background-enabled":"default","ast-page-background-meta":{"desktop":{"background-color":"var(--ast-global-color-4)","background-image":"","background-repeat":"repeat","background-position":"center center","background-size":"auto","background-attachment":"scroll","background-type":"","background-media":"","overlay-type":"","overlay-color":"","overlay-opacity":"","overlay-gradient":""},"tablet":{"background-color":"","background-image":"","background-repeat":"repeat","background-position":"center center","background-size":"auto","background-attachment":"scroll","background-type":"","background-media":"","overlay-type":"","overlay-color":"","overlay-opacity":"","overlay-gradient":""},"mobile":{"background-color":"","background-image":"","background-repeat":"repeat","background-position":"center center","background-size":"auto","background-attachment":"scroll","background-type":"","background-media":"","overlay-type":"","overlay-color":"","overlay-opacity":"","overlay-gradient":""}},"ast-content-background-meta":{"desktop":{"background-color":"var(--ast-global-color-5)","background-image":"","background-repeat":"repeat","background-position":"center center","background-size":"auto","background-attachment":"scroll","background-type":"","background-media":"","overlay-type":"","overlay-color":"","overlay-opacity":"","overlay-gradient":""},"tablet":{"background-color":"var(--ast-global-color-5)","background-image":"","background-repeat":"repeat","background-position":"center center","background-size":"auto","background-attachment":"scroll","background-type":"","background-media":"","overlay-type":"","overlay-color":"","overlay-opacity":"","overlay-gradient":""},"mobile":{"background-color":"var(--ast-global-color-5)","background-image":"","background-repeat":"repeat","background-position":"center center","background-size":"auto","background-attachment":"scroll","background-type":"","background-media":"","overlay-type":"","overlay-color":"","overlay-opacity":"","overlay-gradient":""}},"footnotes":""},"class_list":["post-1399","page","type-page","status-publish","hentry"],"yoast_head":"<!-- This site is optimized with the Yoast SEO plugin v23.4 - https:\/\/yoast.com\/wordpress\/plugins\/seo\/ -->\n<title>Contact - Immigration Navigator<\/title>\n<meta name=\"robots\" content=\"index, follow, max-snippet:-1, max-image-preview:large, max-video-preview:-1\" \/>\n<link rel=\"canonical\" href=\"https:\/\/immigration-navigator.com\/tr\/contact\/\" \/>\n<meta property=\"og:locale\" content=\"tr_TR\" \/>\n<meta property=\"og:type\" content=\"article\" \/>\n<meta property=\"og:title\" content=\"Contact - Immigration Navigator\" \/>\n<meta property=\"og:description\" content=\"Keep in touch Work hours Mon-Thu: 9:00-4:00Fri-Sat: 9:00-3:00Sun: Close Phone +1 647 491 8366\" \/>\n<meta property=\"og:url\" content=\"https:\/\/immigration-navigator.com\/tr\/contact\/\" \/>\n<meta property=\"og:site_name\" content=\"Immigration Navigator\" \/>\n<meta property=\"article:modified_time\" content=\"2024-09-14T21:14:57+00:00\" \/>\n<meta name=\"twitter:card\" content=\"summary_large_image\" \/>\n<meta name=\"twitter:label1\" content=\"Tahmini okuma s\u00fcresi\" \/>\n\t<meta name=\"twitter:data1\" content=\"1 dakika\" \/>\n<script type=\"application\/ld+json\" class=\"yoast-schema-graph\">{\"@context\":\"https:\/\/schema.org\",\"@graph\":[{\"@type\":\"WebPage\",\"@id\":\"https:\/\/immigration-navigator.com\/contact\/\",\"url\":\"https:\/\/immigration-navigator.com\/contact\/\",\"name\":\"Contact - Immigration Navigator\",\"isPartOf\":{\"@id\":\"https:\/\/immigration-navigator.com\/#website\"},\"datePublished\":\"2024-08-31T19:39:41+00:00\",\"dateModified\":\"2024-09-14T21:14:57+00:00\",\"breadcrumb\":{\"@id\":\"https:\/\/immigration-navigator.com\/contact\/#breadcrumb\"},\"inLanguage\":\"tr\",\"potentialAction\":[{\"@type\":\"ReadAction\",\"target\":[\"https:\/\/immigration-navigator.com\/contact\/\"]}]},{\"@type\":\"BreadcrumbList\",\"@id\":\"https:\/\/immigration-navigator.com\/contact\/#breadcrumb\",\"itemListElement\":[{\"@type\":\"ListItem\",\"position\":1,\"name\":\"Home\",\"item\":\"https:\/\/immigration-navigator.com\/\"},{\"@type\":\"ListItem\",\"position\":2,\"name\":\"Contact\"}]},{\"@type\":\"WebSite\",\"@id\":\"https:\/\/immigration-navigator.com\/#website\",\"url\":\"https:\/\/immigration-navigator.com\/\",\"name\":\"Immigration Navigator\",\"description\":\"\",\"publisher\":{\"@id\":\"https:\/\/immigration-navigator.com\/#organization\"},\"potentialAction\":[{\"@type\":\"SearchAction\",\"target\":{\"@type\":\"EntryPoint\",\"urlTemplate\":\"https:\/\/immigration-navigator.com\/?s={search_term_string}\"},\"query-input\":{\"@type\":\"PropertyValueSpecification\",\"valueRequired\":true,\"valueName\":\"search_term_string\"}}],\"inLanguage\":\"tr\"},{\"@type\":\"Organization\",\"@id\":\"https:\/\/immigration-navigator.com\/#organization\",\"name\":\"Immigration Navigator\",\"url\":\"https:\/\/immigration-navigator.com\/\",\"logo\":{\"@type\":\"ImageObject\",\"inLanguage\":\"tr\",\"@id\":\"https:\/\/immigration-navigator.com\/#\/schema\/logo\/image\/\",\"url\":\"https:\/\/immigration-navigator.com\/wp-content\/uploads\/2024\/08\/immigration-navigator-main-logo-min-1-1.png\",\"contentUrl\":\"https:\/\/immigration-navigator.com\/wp-content\/uploads\/2024\/08\/immigration-navigator-main-logo-min-1-1.png\",\"width\":1387,\"height\":573,\"caption\":\"Immigration Navigator\"},\"image\":{\"@id\":\"https:\/\/immigration-navigator.com\/#\/schema\/logo\/image\/\"}}]}<\/script>\n<!-- \/ Yoast SEO plugin. -->","yoast_head_json":{"title":"Contact - Immigration Navigator","robots":{"index":"index","follow":"follow","max-snippet":"max-snippet:-1","max-image-preview":"max-image-preview:large","max-video-preview":"max-video-preview:-1"},"canonical":"https:\/\/immigration-navigator.com\/tr\/contact\/","og_locale":"tr_TR","og_type":"article","og_title":"Contact - Immigration Navigator","og_description":"Keep in touch Work hours Mon-Thu: 9:00-4:00Fri-Sat: 9:00-3:00Sun: Close Phone +1 647 491 8366","og_url":"https:\/\/immigration-navigator.com\/tr\/contact\/","og_site_name":"Immigration Navigator","article_modified_time":"2024-09-14T21:14:57+00:00","twitter_card":"summary_large_image","twitter_misc":{"Tahmini okuma s\u00fcresi":"1 dakika"},"schema":{"@context":"https:\/\/schema.org","@graph":[{"@type":"WebPage","@id":"https:\/\/immigration-navigator.com\/contact\/","url":"https:\/\/immigration-navigator.com\/contact\/","name":"Contact - Immigration Navigator","isPartOf":{"@id":"https:\/\/immigration-navigator.com\/#website"},"datePublished":"2024-08-31T19:39:41+00:00","dateModified":"2024-09-14T21:14:57+00:00","breadcrumb":{"@id":"https:\/\/immigration-navigator.com\/contact\/#breadcrumb"},"inLanguage":"tr","potentialAction":[{"@type":"ReadAction","target":["https:\/\/immigration-navigator.com\/contact\/"]}]},{"@type":"BreadcrumbList","@id":"https:\/\/immigration-navigator.com\/contact\/#breadcrumb","itemListElement":[{"@type":"ListItem","position":1,"name":"Home","item":"https:\/\/immigration-navigator.com\/"},{"@type":"ListItem","position":2,"name":"Contact"}]},{"@type":"WebSite","@id":"https:\/\/immigration-navigator.com\/#website","url":"https:\/\/immigration-navigator.com\/","name":"Immigration Navigator","description":"","publisher":{"@id":"https:\/\/immigration-navigator.com\/#organization"},"potentialAction":[{"@type":"SearchAction","target":{"@type":"EntryPoint","urlTemplate":"https:\/\/immigration-navigator.com\/?s={search_term_string}"},"query-input":{"@type":"PropertyValueSpecification","valueRequired":true,"valueName":"search_term_string"}}],"inLanguage":"tr"},{"@type":"Organization","@id":"https:\/\/immigration-navigator.com\/#organization","name":"Immigration Navigator","url":"https:\/\/immigration-navigator.com\/","logo":{"@type":"ImageObject","inLanguage":"tr","@id":"https:\/\/immigration-navigator.com\/#\/schema\/logo\/image\/","url":"https:\/\/immigration-navigator.com\/wp-content\/uploads\/2024\/08\/immigration-navigator-main-logo-min-1-1.png","contentUrl":"https:\/\/immigration-navigator.com\/wp-content\/uploads\/2024\/08\/immigration-navigator-main-logo-min-1-1.png","width":1387,"height":573,"caption":"Immigration Navigator"},"image":{"@id":"https:\/\/immigration-navigator.com\/#\/schema\/logo\/image\/"}}]}},"uagb_featured_image_src":{"full":false,"thumbnail":false,"medium":false,"medium_large":false,"large":false,"1536x1536":false,"2048x2048":false,"trp-custom-language-flag":false},"uagb_author_info":{"display_name":"keremduran.fw@gmail.com","author_link":"https:\/\/immigration-navigator.com\/tr\/author\/keremduran-fwgmail-com\/"},"uagb_comment_info":0,"uagb_excerpt":"Keep in touch Work hours Mon-Thu: 9:00-4:00Fri-Sat: 9:00-3:00Sun: Close Phone +1 647 491 8366","_links":{"self":[{"href":"https:\/\/immigration-navigator.com\/tr\/wp-json\/wp\/v2\/pages\/1399"}],"collection":[{"href":"https:\/\/immigration-navigator.com\/tr\/wp-json\/wp\/v2\/pages"}],"about":[{"href":"https:\/\/immigration-navigator.com\/tr\/wp-json\/wp\/v2\/types\/page"}],"author":[{"embeddable":true,"href":"https:\/\/immigration-navigator.com\/tr\/wp-json\/wp\/v2\/users\/1"}],"replies":[{"embeddable":true,"href":"https:\/\/immigration-navigator.com\/tr\/wp-json\/wp\/v2\/comments?post=1399"}],"version-history":[{"count":16,"href":"https:\/\/immigration-navigator.com\/tr\/wp-json\/wp\/v2\/pages\/1399\/revisions"}],"predecessor-version":[{"id":2912,"href":"https:\/\/immigration-navigator.com\/tr\/wp-json\/wp\/v2\/pages\/1399\/revisions\/2912"}],"wp:attachment":[{"href":"https:\/\/immigration-navigator.com\/tr\/wp-json\/wp\/v2\/media?parent=1399"}],"curies":[{"name":"wp","href":"https:\/\/api.w.org\/{rel}","templated":true}]}}